{"id":140,"date":"2012-07-14T11:20:10","date_gmt":"2012-07-14T11:20:10","guid":{"rendered":"http:\/\/kallenborn-stukkateur.de\/wp\/?page_id=140"},"modified":"2018-04-12T23:55:25","modified_gmt":"2018-04-12T23:55:25","slug":"stuck","status":"publish","type":"page","link":"https:\/\/kallenborn-stukkateur.de\/?page_id=140","title":{"rendered":"Stuck"},"content":{"rendered":"<p align=\"center\"><span style=\"text-align: left;\">Ein Material, das inspiriert. Stuck ist ein Naturmaterial, das aus Naturgips, mineralischen, sowie pflanzlichen Fasern und\u00a0 Wasser zusammengesetzt ist. Stuck ist \u00e4sthetisch, einfach\u00a0und praktisch.<\/span><\/p>\n<p style=\"text-align: center;\" align=\"center\"><img loading=\"lazy\" decoding=\"async\" class=\"aligncenter\" src=\"https:\/\/kallenborn-stukkateur.de\/wp\/wp-content\/gallery\/ueberherrn\/g_leiste.jpg\" alt=\"g_leiste\" width=\"450\" height=\"563\" \/><\/p>\n<p style=\"text-align: left;\" align=\"center\">Ein Material, das inspiriert. Stuck ist ein Naturmaterial, das aus Naturgips, mineralischen, sowie pflanzlichen Fasern und\u00a0 Wasser zusammengesetzt ist. Stuck ist \u00e4sthetisch, einfach und praktisch.<\/p>\n<p style=\"text-align: center;\" align=\"center\"><img loading=\"lazy\" decoding=\"async\" class=\"aligncenter\" style=\"border-style: initial; border-color: initial; border-width: 0px;\" src=\"https:\/\/stukkateur-kallenborn.de\/userimages\/regal2.jpg\" alt=\"\" width=\"350\" height=\"438\" border=\"0\" \/><\/p>\n<p style=\"text-align: left;\" align=\"center\">Durch den Einsatz von Stuck bekommt jeder Raum seine eigene Note. Stuck erm\u00f6glicht ungeahnte M\u00f6glichkeiten bei der Dekoration von Blenden, Decken, T\u00fcren, sogar ganze M\u00f6belst\u00fccke, Kamine und Leuchten k\u00f6nnen wir Ihnen heute als Stuck anbieten.<\/p>\n<p style=\"text-align: center;\" align=\"center\"><img loading=\"lazy\" decoding=\"async\" class=\"aligncenter\" style=\"border-style: initial; border-color: initial; border-width: 0px;\" src=\"https:\/\/stukkateur-kallenborn.de\/userimages\/spiegel.jpg\" alt=\"\" width=\"350\" height=\"438\" border=\"0\" \/><\/p>\n<p style=\"text-align: left;\" align=\"center\">Echter Stuck, die g\u00fcnstige Alternative f\u00fcr Ihre Dekoration.<\/p>\n<table class=\"aligncenter\" style=\"width: 637px;\" border=\"0\" cellspacing=\"1\" cellpadding=\"1\" align=\"center\">\n<tbody>\n<tr>\n<td style=\"text-align: center;\"><img loading=\"lazy\" decoding=\"async\" class=\"aligncenter\" style=\"border-style: initial; border-color: initial; border-width: 0px;\" src=\"https:\/\/stukkateur-kallenborn.de\/userimages\/rosette.jpg\" alt=\"\" width=\"350\" height=\"438\" border=\"0\" \/><\/td>\n<td><img loading=\"lazy\" decoding=\"async\" src=\"https:\/\/stukkateur-kallenborn.de\/userimages\/kamin2.jpg\" alt=\"\" width=\"350\" height=\"438\" border=\"0\" \/><\/td>\n<\/tr>\n<tr>\n<td><img loading=\"lazy\" decoding=\"async\" src=\"https:\/\/stukkateur-kallenborn.de\/userimages\/kamin.jpg\" alt=\"\" width=\"350\" height=\"438\" border=\"0\" \/><\/td>\n<td><img loading=\"lazy\" decoding=\"async\" src=\"https:\/\/stukkateur-kallenborn.de\/userimages\/statue1.jpg\" alt=\"\" width=\"350\" height=\"438\" border=\"0\" \/><\/td>\n<\/tr>\n<\/tbody>\n<\/table>\n","protected":false},"excerpt":{"rendered":"<p>Ein Material, das inspiriert. Stuck ist ein Naturmaterial, das aus Naturgips, mineralischen, sowie pflanzlichen Fasern und\u00a0 Wasser zusammengesetzt ist. Stuck ist \u00e4sthetisch, einfach\u00a0und praktisch. Ein Material, das inspiriert. Stuck ist ein Naturmaterial, das aus Naturgips, mineralischen, sowie pflanzlichen Fasern und\u00a0 &hellip; <a class=\"more-link\" href=\"https:\/\/kallenborn-stukkateur.de\/?page_id=140\">Weiterlesen <span class=\"meta-nav\">&rarr;<\/span><\/a><\/p>\n","protected":false},"author":1,"featured_media":0,"parent":0,"menu_order":0,"comment_status":"closed","ping_status":"open","template":"","meta":{"ngg_post_thumbnail":0,"footnotes":""},"class_list":["post-140","page","type-page","status-publish","hentry"],"_links":{"self":[{"href":"https:\/\/kallenborn-stukkateur.de\/index.php?rest_route=\/wp\/v2\/pages\/140","targetHints":{"allow":["GET"]}}],"collection":[{"href":"https:\/\/kallenborn-stukkateur.de\/index.php?rest_route=\/wp\/v2\/pages"}],"about":[{"href":"https:\/\/kallenborn-stukkateur.de\/index.php?rest_route=\/wp\/v2\/types\/page"}],"author":[{"embeddable":true,"href":"https:\/\/kallenborn-stukkateur.de\/index.php?rest_route=\/wp\/v2\/users\/1"}],"replies":[{"embeddable":true,"href":"https:\/\/kallenborn-stukkateur.de\/index.php?rest_route=%2Fwp%2Fv2%2Fcomments&post=140"}],"version-history":[{"count":22,"href":"https:\/\/kallenborn-stukkateur.de\/index.php?rest_route=\/wp\/v2\/pages\/140\/revisions"}],"predecessor-version":[{"id":726,"href":"https:\/\/kallenborn-stukkateur.de\/index.php?rest_route=\/wp\/v2\/pages\/140\/revisions\/726"}],"wp:attachment":[{"href":"https:\/\/kallenborn-stukkateur.de\/index.php?rest_route=%2Fwp%2Fv2%2Fmedia&parent=140"}],"curies":[{"name":"wp","href":"https:\/\/api.w.org\/{rel}","templated":true}]}}