{"id":240,"date":"2012-07-15T15:56:18","date_gmt":"2012-07-15T15:56:18","guid":{"rendered":"http:\/\/kallenborn-stukkateur.de\/wp\/?page_id=240"},"modified":"2012-07-15T15:57:38","modified_gmt":"2012-07-15T15:57:38","slug":"trockenausbau","status":"publish","type":"page","link":"https:\/\/kallenborn-stukkateur.de\/?page_id=240","title":{"rendered":"Trockenausbau"},"content":{"rendered":"<script type=\"text\/javascript\">\n\t\t  \t\t\twindow.addEvent('domready', function() {\n\t\t\t\t\t\tvar scrollGalleryObj15 = new scrollGallery({start:1,area:200,thumbarea:\"thumbarea_15\",imagearea:\"imagearea_15\",speed:0.1,autoScroll:1,enableSwipeMode:1,toElementClass:\".caption_container\",diashowDelay:4\t\t\t\t\n\t\t\t\t\t\t});\n\t\t\t\t\t});\n\t\t\t\t<\/script>\n\t\t\t\t\t<!--[if lte IE 7]>\n\t\t\t\t\t<style type=\"text\/css\">\n\t\t\t\t\t.scrollgallery .imageareaContent .caption_container{display:inline; position:static;}\n\t\t\t\t\t.scrollgallery .imageareaContent .caption_container div{display:none; position:relative;}<\/style>\n\t\t\t\t\t<![endif]-->\n\t\t\t\t\n\t\t\t <div id=\"scrollgallery_15\" class=\"scrollgallery\" style=\"width:666px;\"><div class=\"scrollGalleryHead\">    <div id=\"thumbarea_15\" class=\"thumbarea\">\n\t\t\t\t\t\t\t\t<div class=\"thumbareaContent\"><img decoding=\"async\"  src=\"https:\/\/kallenborn-stukkateur.de\/wp\/wp-content\/gallery\/trockenausbau\/thumbs\/thumbs_akdecke.jpg\" alt=\"NextGen ScrollGallery thumbnail\" \/><img decoding=\"async\"  src=\"https:\/\/kallenborn-stukkateur.de\/wp\/wp-content\/gallery\/trockenausbau\/thumbs\/thumbs_aludecke.jpg\" alt=\"NextGen ScrollGallery thumbnail\" \/><img decoding=\"async\"  src=\"https:\/\/kallenborn-stukkateur.de\/wp\/wp-content\/gallery\/trockenausbau\/thumbs\/thumbs_kade.jpg\" alt=\"NextGen ScrollGallery thumbnail\" \/><img decoding=\"async\"  src=\"https:\/\/kallenborn-stukkateur.de\/wp\/wp-content\/gallery\/trockenausbau\/thumbs\/thumbs_kade1.jpg\" alt=\"NextGen ScrollGallery thumbnail\" \/><img decoding=\"async\"  src=\"https:\/\/kallenborn-stukkateur.de\/wp\/wp-content\/gallery\/trockenausbau\/thumbs\/thumbs_kade2.jpg\" alt=\"NextGen ScrollGallery thumbnail\" \/><img decoding=\"async\"  src=\"https:\/\/kallenborn-stukkateur.de\/wp\/wp-content\/gallery\/trockenausbau\/thumbs\/thumbs_kade3.jpg\" alt=\"NextGen ScrollGallery thumbnail\" \/>\n\t\t\t\t\t\t\t\t<\/div> \n\t\t\t\t\t\t\t<\/div><\/div><div class=\"scrollGalleryFoot\">     <div id=\"imagearea_15\" class=\"imagearea\">\n\t\t\t\t\t\t\t\t  <div class=\"imageareaContent\"><div class=\"caption_container\"><div>Kasettendecke mit Rasterleuchte.<\/div><img decoding=\"async\"  src=\"https:\/\/kallenborn-stukkateur.de\/wp\/wp-content\/gallery\/trockenausbau\/akdecke.jpg\" alt=\"Kasettendecke mit Rasterleuchte.\" style=\"width:600px; height:480px; max-width:600px; margin-left:23px; margin-right:20px; margin-top:0px; margin-bottom:0px; \"\/><\/div><div class=\"caption_container\"><div>Alu-Paneldecke im Winkel von 45 Grad verlegt.<\/div><img decoding=\"async\"  src=\"https:\/\/kallenborn-stukkateur.de\/wp\/wp-content\/gallery\/trockenausbau\/aludecke.jpg\" alt=\"Alu-Paneldecke im Winkel von 45 Grad verlegt.\" style=\"width:600px; height:480px; max-width:600px; margin-left:23px; margin-right:20px; margin-top:0px; margin-bottom:0px; \"\/><\/div><div class=\"caption_container\"><div>Fertiggestellte Metallst\u00e4nderw\u00e4nde und abgeh\u00e4ngte Decke.<\/div><img decoding=\"async\"  src=\"https:\/\/kallenborn-stukkateur.de\/wp\/wp-content\/gallery\/trockenausbau\/kade.jpg\" alt=\"Fertiggestellte Metallst\u00e4nderw\u00e4nde und abgeh\u00e4ngte Decke.\" style=\"width:600px; height:480px; max-width:600px; margin-left:23px; margin-right:20px; margin-top:0px; margin-bottom:0px; \"\/><\/div><div class=\"caption_container\"><div>Montage von St\u00e4nderw\u00e4nden im Ladenbau. Ausf\u00fchrung konkav gew\u00f6lbt.<\/div><img decoding=\"async\"  src=\"https:\/\/kallenborn-stukkateur.de\/wp\/wp-content\/gallery\/trockenausbau\/kade1.jpg\" alt=\"Montage von St\u00e4nderw\u00e4nden im Ladenbau. Ausf\u00fchrung konkav gew\u00f6lbt.\" style=\"width:600px; height:480px; max-width:600px; margin-left:23px; margin-right:20px; margin-top:0px; margin-bottom:0px; \"\/><\/div><div class=\"caption_container\"><div>Gipskartondecke mit Lichtleiste.<\/div><img decoding=\"async\"  src=\"https:\/\/kallenborn-stukkateur.de\/wp\/wp-content\/gallery\/trockenausbau\/kade2.jpg\" alt=\"Gipskartondecke mit Lichtleiste.\" style=\"width:600px; height:480px; max-width:600px; margin-left:23px; margin-right:20px; margin-top:0px; margin-bottom:0px; \"\/><\/div><div class=\"caption_container\"><div>Detailansicht Lichtleiste.<\/div><img decoding=\"async\"  src=\"https:\/\/kallenborn-stukkateur.de\/wp\/wp-content\/gallery\/trockenausbau\/kade3.jpg\" alt=\"Detailansicht Lichtleiste.\" style=\"width:600px; height:480px; max-width:600px; margin-left:23px; margin-right:20px; margin-top:0px; margin-bottom:0px; \"\/><\/div>\n\t\t\t\t\t\t\t\t  <\/div> \n\t\t\t\t\t\t\t  <\/div><\/div>\n\t\t\t <\/div>\n","protected":false},"excerpt":{"rendered":"","protected":false},"author":2,"featured_media":0,"parent":0,"menu_order":0,"comment_status":"closed","ping_status":"open","template":"","meta":{"ngg_post_thumbnail":0,"footnotes":""},"class_list":["post-240","page","type-page","status-publish","hentry"],"_links":{"self":[{"href":"https:\/\/kallenborn-stukkateur.de\/index.php?rest_route=\/wp\/v2\/pages\/240","targetHints":{"allow":["GET"]}}],"collection":[{"href":"https:\/\/kallenborn-stukkateur.de\/index.php?rest_route=\/wp\/v2\/pages"}],"about":[{"href":"https:\/\/kallenborn-stukkateur.de\/index.php?rest_route=\/wp\/v2\/types\/page"}],"author":[{"embeddable":true,"href":"https:\/\/kallenborn-stukkateur.de\/index.php?rest_route=\/wp\/v2\/users\/2"}],"replies":[{"embeddable":true,"href":"https:\/\/kallenborn-stukkateur.de\/index.php?rest_route=%2Fwp%2Fv2%2Fcomments&post=240"}],"version-history":[{"count":1,"href":"https:\/\/kallenborn-stukkateur.de\/index.php?rest_route=\/wp\/v2\/pages\/240\/revisions"}],"predecessor-version":[{"id":241,"href":"https:\/\/kallenborn-stukkateur.de\/index.php?rest_route=\/wp\/v2\/pages\/240\/revisions\/241"}],"wp:attachment":[{"href":"https:\/\/kallenborn-stukkateur.de\/index.php?rest_route=%2Fwp%2Fv2%2Fmedia&parent=240"}],"curies":[{"name":"wp","href":"https:\/\/api.w.org\/{rel}","templated":true}]}}